{"id":3271,"date":"2024-07-27T13:57:03","date_gmt":"2024-07-27T13:57:03","guid":{"rendered":"https:\/\/ravennaholidays.com\/reviews\/"},"modified":"2024-09-11T21:59:14","modified_gmt":"2024-09-11T21:59:14","slug":"reviews","status":"publish","type":"page","link":"https:\/\/ravennaholidays.com\/en\/reviews\/","title":{"rendered":"Reviews"},"content":{"rendered":"\t\t<div data-elementor-type=\"wp-page\" data-elementor-id=\"3271\" class=\"elementor elementor-3271 elementor-34\" data-elementor-post-type=\"page\">\n\t\t\t\t<div class=\"elementor-element elementor-element-0883136 e-flex e-con-boxed e-con e-parent\" data-id=\"0883136\" data-element_type=\"container\" data-e-type=\"container\" data-settings=\"{&quot;background_background&quot;:&quot;classic&quot;}\">\n\t\t\t\t\t<div class=\"e-con-inner\">\n\t\t<div class=\"elementor-element elementor-element-4cbbc43 e-con-full e-flex e-con e-child\" data-id=\"4cbbc43\" data-element_type=\"container\" data-e-type=\"container\">\n\t\t\t\t<div class=\"elementor-element elementor-element-127750a elementor-widget elementor-widget-heading\" data-id=\"127750a\" data-element_type=\"widget\" data-e-type=\"widget\" data-widget_type=\"heading.default\">\n\t\t\t\t<div class=\"elementor-widget-container\">\n\t\t\t\t\t<h2 class=\"elementor-heading-title elementor-size-default\">Reviews of<br>our guests<\/h2>\t\t\t\t<\/div>\n\t\t\t\t<\/div>\n\t\t\t\t<\/div>\n\t\t<div class=\"elementor-element elementor-element-8f71aba e-con-full e-flex e-con e-child\" data-id=\"8f71aba\" data-element_type=\"container\" data-e-type=\"container\">\n\t\t\t\t<div class=\"elementor-element elementor-element-cf9edea elementor-widget elementor-widget-text-editor\" data-id=\"cf9edea\" data-element_type=\"widget\" data-e-type=\"widget\" data-widget_type=\"text-editor.default\">\n\t\t\t\t<div class=\"elementor-widget-container\">\n\t\t\t\t\t\t\t\t\t<p>Testimonials from those who have already enjoyed a comfortable stay in our carefully selected apartments in Marina di Ravenna.<\/p>\n\t\t\t\t\t\t\t\t<\/div>\n\t\t\t\t<\/div>\n\t\t\t\t<\/div>\n\t\t\t\t\t<\/div>\n\t\t\t\t<\/div>\n\t\t<div class=\"elementor-element elementor-element-e77bcf4 e-flex e-con-boxed e-con e-parent\" data-id=\"e77bcf4\" data-element_type=\"container\" data-e-type=\"container\" data-settings=\"{&quot;background_background&quot;:&quot;classic&quot;}\">\n\t\t\t\t\t<div class=\"e-con-inner\">\n\t\t\t\t<div class=\"elementor-element elementor-element-be9dc7f elementor-widget elementor-widget-shortcode\" data-id=\"be9dc7f\" data-element_type=\"widget\" data-e-type=\"widget\" data-widget_type=\"shortcode.default\">\n\t\t\t\t<div class=\"elementor-widget-container\">\n\t\t\t\t\t\t\t<div class=\"elementor-shortcode\"><div class=\"wp-gr rpi wpac\" data-id=\"174\" data-layout=\"grid\" data-exec=\"false\" data-options='{&quot;text_size&quot;:&quot;&quot;,&quot;trans&quot;:{&quot;read more&quot;:&quot;read more&quot;}}'><svg xmlns=\"http:\/\/www.w3.org\/2000\/svg\" style=\"display:none!important\"><symbol id=\"grw-tripadvisor\" viewBox=\"0 0 713.496 713.496\"><g><circle fill=\"#34E0A1\" cx=\"356.749\" cy=\"356.748\" r=\"356.748\"\/><path d=\"M577.095,287.152l43.049-46.836h-95.465c-47.792-32.646-105.51-51.659-167.931-51.659   c-62.342,0-119.899,19.054-167.612,51.659H93.432l43.049,46.836c-26.387,24.075-42.929,58.754-42.929,97.259   c0,72.665,58.914,131.578,131.579,131.578c34.519,0,65.968-13.313,89.446-35.077l42.172,45.919l42.172-45.879   c23.478,21.764,54.887,35.037,89.406,35.037c72.665,0,131.658-58.913,131.658-131.578   C620.024,345.866,603.483,311.188,577.095,287.152z M225.17,473.458c-49.188,0-89.047-39.859-89.047-89.047   s39.86-89.048,89.047-89.048c49.187,0,89.047,39.86,89.047,89.048S274.357,473.458,225.17,473.458z M356.788,381.82   c0-58.595-42.61-108.898-98.853-130.383c30.413-12.716,63.776-19.771,98.813-19.771s68.439,7.055,98.853,19.771   C399.399,272.962,356.788,323.226,356.788,381.82z M488.367,473.458c-49.188,0-89.048-39.859-89.048-89.047   s39.86-89.048,89.048-89.048s89.047,39.86,89.047,89.048S537.554,473.458,488.367,473.458z M488.367,337.694   c-25.79,0-46.677,20.887-46.677,46.677c0,25.789,20.887,46.676,46.677,46.676c25.789,0,46.676-20.887,46.676-46.676   C535.042,358.621,514.156,337.694,488.367,337.694z M271.846,384.411c0,25.789-20.887,46.676-46.676,46.676   s-46.676-20.887-46.676-46.676c0-25.79,20.887-46.677,46.676-46.677C250.959,337.694,271.846,358.621,271.846,384.411z\"\/><\/g><\/symbol><symbol id=\"grw-google\" viewBox=\"0 0 512 512\"><g fill=\"none\" fill-rule=\"evenodd\"><path d=\"M482.56 261.36c0-16.73-1.5-32.83-4.29-48.27H256v91.29h127.01c-5.47 29.5-22.1 54.49-47.09 71.23v59.21h76.27c44.63-41.09 70.37-101.59 70.37-173.46z\" fill=\"#4285f4\"\/><path d=\"M256 492c63.72 0 117.14-21.13 156.19-57.18l-76.27-59.21c-21.13 14.16-48.17 22.53-79.92 22.53-61.47 0-113.49-41.51-132.05-97.3H45.1v61.15c38.83 77.13 118.64 130.01 210.9 130.01z\" fill=\"#34a853\"\/><path d=\"M123.95 300.84c-4.72-14.16-7.4-29.29-7.4-44.84s2.68-30.68 7.4-44.84V150.01H45.1C29.12 181.87 20 217.92 20 256c0 38.08 9.12 74.13 25.1 105.99l78.85-61.15z\" fill=\"#fbbc05\"\/><path d=\"M256 113.86c34.65 0 65.76 11.91 90.22 35.29l67.69-67.69C373.03 43.39 319.61 20 256 20c-92.25 0-172.07 52.89-210.9 130.01l78.85 61.15c18.56-55.78 70.59-97.3 132.05-97.3z\" fill=\"#ea4335\"\/><path d=\"M20 20h472v472H20V20z\"\/><\/g><\/symbol><\/svg><div class=\"grw-row grw-row-m\" data-options='{\"breakpoints\":\"\"}'><div class=\"grw-content\"><div class=\"grw-content-inner\"><div class=\"grw-reviews\"><div class=\"rpi-slide grw-review\"><div class=\"rpi-flx rpi-col12 grw-review-inner grw-backgnd\"><div class=\"rpi-flx rpi-row12-center\"><div class=\"grw-img-wrap\"><img loading=\"lazy\" decoding=\"async\" class=\"grw-img\" src=\"https:\/\/lh3.googleusercontent.com\/a\/ACg8ocJUVZXZZnKsSMZBIIYPG9WzidJobvFUgD-_glJoAarQLfGzfA=s128-c0x00000000-cc-rp-mo-ba4\" loading=\"lazy\" alt=\"Marco Manenti profile picture\" width=\"50\" height=\"50\" onerror=\"if(this.src!='https:\/\/ravennaholidays.com\/wp-content\/plugins\/widget-google-reviews\/assets\/img\/guest.png')this.src='https:\/\/ravennaholidays.com\/wp-content\/plugins\/widget-google-reviews\/assets\/img\/guest.png';\" ><\/div><div class=\"rpi-flx rpi-col6\"><a href=\"https:\/\/www.google.com\/maps\/contrib\/103369586092503968256\/reviews\" class=\"wp-google-name\" target=\"_blank\" rel=\"nofollow noopener\">Marco Manenti<\/a><div class=\"wp-google-time\" data-time=\"1661370151\">19:42 24 Aug 22<\/div><\/div><\/div><span class=\"rpi-stars\" style=\"--rating:4\"><\/span><div class=\"rpi-flx rpi-col4\"><div class=\"wp-google-feedback grw-scroll\" ><span class=\"wp-google-text\">Edificio nuovo, rifiniture di pregio con qualche dettaglio da migliorare. Rapporto qualit\u00e0\/prezzo non dei migliori<\/span><\/div><\/div><svg height=\"16\" width=\"16\" role=\"none\"><use href=\"#grw-google\"\/><\/svg><\/div><\/div><div class=\"rpi-slide grw-review\"><div class=\"rpi-flx rpi-col12 grw-review-inner grw-backgnd\"><div class=\"rpi-flx rpi-row12-center\"><div class=\"grw-img-wrap\"><img loading=\"lazy\" decoding=\"async\" class=\"grw-img\" src=\"https:\/\/lh3.googleusercontent.com\/a\/ACg8ocLzZWvzSu1_1Y9AYUE3jVZyTa6x7GFrCQ1e1mGW3Dg69qIHIg=s128-c0x00000000-cc-rp-mo\" loading=\"lazy\" alt=\"Ildik\u00f3 Szepessy profile picture\" width=\"50\" height=\"50\" onerror=\"if(this.src!='https:\/\/ravennaholidays.com\/wp-content\/plugins\/widget-google-reviews\/assets\/img\/guest.png')this.src='https:\/\/ravennaholidays.com\/wp-content\/plugins\/widget-google-reviews\/assets\/img\/guest.png';\" ><\/div><div class=\"rpi-flx rpi-col6\"><a href=\"https:\/\/www.google.com\/maps\/contrib\/105756395378510094056\/reviews\" class=\"wp-google-name\" target=\"_blank\" rel=\"nofollow noopener\">Ildik\u00f3 Szepessy<\/a><div class=\"wp-google-time\" data-time=\"1573142317\">15:58 07 Nov 19<\/div><\/div><\/div><span class=\"rpi-stars\" style=\"--rating:5\"><\/span><div class=\"rpi-flx rpi-col4\"><div class=\"wp-google-feedback grw-scroll\" ><\/div><\/div><svg height=\"16\" width=\"16\" role=\"none\"><use href=\"#grw-google\"\/><\/svg><\/div><\/div><div class=\"rpi-slide grw-review\"><div class=\"rpi-flx rpi-col12 grw-review-inner grw-backgnd\"><div class=\"rpi-flx rpi-row12-center\"><div class=\"grw-img-wrap\"><img loading=\"lazy\" decoding=\"async\" class=\"grw-img\" src=\"https:\/\/lh3.googleusercontent.com\/a\/ACg8ocLYR9wgo1LEXOUUaNROqoG6lmM-rNUt2v8IkBHrTqQh6ivsHA=s128-c0x00000000-cc-rp-mo\" loading=\"lazy\" alt=\"Ferenc Seres profile picture\" width=\"50\" height=\"50\" onerror=\"if(this.src!='https:\/\/ravennaholidays.com\/wp-content\/plugins\/widget-google-reviews\/assets\/img\/guest.png')this.src='https:\/\/ravennaholidays.com\/wp-content\/plugins\/widget-google-reviews\/assets\/img\/guest.png';\" ><\/div><div class=\"rpi-flx rpi-col6\"><a href=\"https:\/\/www.google.com\/maps\/contrib\/108916133983719087352\/reviews\" class=\"wp-google-name\" target=\"_blank\" rel=\"nofollow noopener\">Ferenc Seres<\/a><div class=\"wp-google-time\" data-time=\"1564987373\">06:42 05 Aug 19<\/div><\/div><\/div><span class=\"rpi-stars\" style=\"--rating:5\"><\/span><div class=\"rpi-flx rpi-col4\"><div class=\"wp-google-feedback grw-scroll\" ><\/div><\/div><svg height=\"16\" width=\"16\" role=\"none\"><use href=\"#grw-google\"\/><\/svg><\/div><\/div><div class=\"rpi-slide grw-review\"><div class=\"rpi-flx rpi-col12 grw-review-inner grw-backgnd\"><div class=\"rpi-flx rpi-row12-center\"><div class=\"grw-img-wrap\"><img loading=\"lazy\" decoding=\"async\" class=\"grw-img\" src=\"https:\/\/lh3.googleusercontent.com\/a-\/ALV-UjXY3rFIFUfBbPWOnV4UNLLtsXkKW2QBfU3T6EJEli254LowihRD=s128-c0x00000000-cc-rp-mo-ba4\" loading=\"lazy\" alt=\"Vincenzo profile picture\" width=\"50\" height=\"50\" onerror=\"if(this.src!='https:\/\/ravennaholidays.com\/wp-content\/plugins\/widget-google-reviews\/assets\/img\/guest.png')this.src='https:\/\/ravennaholidays.com\/wp-content\/plugins\/widget-google-reviews\/assets\/img\/guest.png';\" ><\/div><div class=\"rpi-flx rpi-col6\"><a href=\"https:\/\/www.google.com\/maps\/contrib\/100653422021578570248\/reviews\" class=\"wp-google-name\" target=\"_blank\" rel=\"nofollow noopener\">Vincenzo<\/a><div class=\"wp-google-time\" data-time=\"1544374265\">16:51 09 Dec 18<\/div><\/div><\/div><span class=\"rpi-stars\" style=\"--rating:4\"><\/span><div class=\"rpi-flx rpi-col4\"><div class=\"wp-google-feedback grw-scroll\" ><span class=\"wp-google-text\">&#x1f4aa;&#x1f3fb;&#x1f4aa;&#x1f3fb;&#x1f4aa;&#x1f3fb;<\/span><\/div><\/div><svg height=\"16\" width=\"16\" role=\"none\"><use href=\"#grw-google\"\/><\/svg><\/div><\/div><div class=\"rpi-slide grw-review\"><div class=\"rpi-flx rpi-col12 grw-review-inner grw-backgnd\"><div class=\"rpi-flx rpi-row12-center\"><div class=\"grw-img-wrap\"><img loading=\"lazy\" decoding=\"async\" class=\"grw-img\" src=\"https:\/\/lh3.googleusercontent.com\/a-\/ALV-UjVYjoH--oWSuUo5pCi6-M8HYOwUuKI408R86SKa7RAwldejtGxk=s128-c0x00000000-cc-rp-mo-ba3\" loading=\"lazy\" alt=\"Walter Javier Di Nenno profile picture\" width=\"50\" height=\"50\" onerror=\"if(this.src!='https:\/\/ravennaholidays.com\/wp-content\/plugins\/widget-google-reviews\/assets\/img\/guest.png')this.src='https:\/\/ravennaholidays.com\/wp-content\/plugins\/widget-google-reviews\/assets\/img\/guest.png';\" ><\/div><div class=\"rpi-flx rpi-col6\"><a href=\"https:\/\/www.google.com\/maps\/contrib\/112019260592477261464\/reviews\" class=\"wp-google-name\" target=\"_blank\" rel=\"nofollow noopener\">Walter Javier Di Nenno<\/a><div class=\"wp-google-time\" data-time=\"1535044543\">17:15 23 Aug 18<\/div><\/div><\/div><span class=\"rpi-stars\" style=\"--rating:5\"><\/span><div class=\"rpi-flx rpi-col4\"><div class=\"wp-google-feedback grw-scroll\" ><span class=\"wp-google-text\">Perfetto per famiglie<\/span><\/div><\/div><svg height=\"16\" width=\"16\" role=\"none\"><use href=\"#grw-google\"\/><\/svg><\/div><\/div><div class=\"rpi-slide grw-review\"><div class=\"rpi-flx rpi-col12 grw-review-inner grw-backgnd\"><div class=\"rpi-flx rpi-row12-center\"><div class=\"grw-img-wrap\"><img loading=\"lazy\" decoding=\"async\" class=\"grw-img\" src=\"https:\/\/lh3.googleusercontent.com\/a-\/ALV-UjUBGo8ubfuzdLcmyE0xRy6D2sdqt4X1CRndJVUfI5-t0urT3_s=s128-c0x00000000-cc-rp-mo-ba4\" loading=\"lazy\" alt=\"Sergio de Simone profile picture\" width=\"50\" height=\"50\" onerror=\"if(this.src!='https:\/\/ravennaholidays.com\/wp-content\/plugins\/widget-google-reviews\/assets\/img\/guest.png')this.src='https:\/\/ravennaholidays.com\/wp-content\/plugins\/widget-google-reviews\/assets\/img\/guest.png';\" ><\/div><div class=\"rpi-flx rpi-col6\"><a href=\"https:\/\/www.google.com\/maps\/contrib\/106513862686936331558\/reviews\" class=\"wp-google-name\" target=\"_blank\" rel=\"nofollow noopener\">Sergio de Simone<\/a><div class=\"wp-google-time\" data-time=\"1533582733\">19:12 06 Aug 18<\/div><\/div><\/div><span class=\"rpi-stars\" style=\"--rating:4\"><\/span><div class=\"rpi-flx rpi-col4\"><div class=\"wp-google-feedback grw-scroll\" ><span class=\"wp-google-text\">Appartamento di recente costruzione, il rapporto qualit\u00e0 prezzo \u00e8 ottimo sia per la qualit\u00e0 della struttura che per la posizione. Alcuni aspetti da migliorare soprattutto per quanto messo a disposizione in cucina, indispensabile se si viaggia con la famiglia.<\/span><\/div><\/div><svg height=\"16\" width=\"16\" role=\"none\"><use href=\"#grw-google\"\/><\/svg><\/div><\/div><div class=\"rpi-slide grw-review\"><div class=\"rpi-flx rpi-col12 grw-review-inner grw-backgnd\"><div class=\"rpi-flx rpi-row12-center\"><div class=\"grw-img-wrap\"><img loading=\"lazy\" decoding=\"async\" class=\"grw-img\" src=\"https:\/\/lh3.googleusercontent.com\/a\/ACg8ocJo17Hz2Jzo97Il2bilpdfha5QBFuctLphx4vR2yriQTxI4rw=s128-c0x00000000-cc-rp-mo-ba4\" loading=\"lazy\" alt=\"Gloria Fabrizio Benedusi profile picture\" width=\"50\" height=\"50\" onerror=\"if(this.src!='https:\/\/ravennaholidays.com\/wp-content\/plugins\/widget-google-reviews\/assets\/img\/guest.png')this.src='https:\/\/ravennaholidays.com\/wp-content\/plugins\/widget-google-reviews\/assets\/img\/guest.png';\" ><\/div><div class=\"rpi-flx rpi-col6\"><a href=\"https:\/\/www.google.com\/maps\/contrib\/116935457153225422601\/reviews\" class=\"wp-google-name\" target=\"_blank\" rel=\"nofollow noopener\">Gloria Fabrizio Benedusi<\/a><div class=\"wp-google-time\" data-time=\"1532192779\">17:06 21 Jul 18<\/div><\/div><\/div><span class=\"rpi-stars\" style=\"--rating:5\"><\/span><div class=\"rpi-flx rpi-col4\"><div class=\"wp-google-feedback grw-scroll\" ><span class=\"wp-google-text\">Accogliente, funzionale e pulito!<\/span><\/div><\/div><svg height=\"16\" width=\"16\" role=\"none\"><use href=\"#grw-google\"\/><\/svg><\/div><\/div><\/div><\/div><\/div><\/div><script>(function(p){if(!p)return;let w=p.offsetWidth,m=function(a,b){return Math.min(a,b)===a};p.querySelector('.grw-row').classList.replace('grw-row-m','grw-row-'+(m(w,510)?'xs':m(w,750)?'x':m(w,1100)?'s':m(w,1450)?'m':m(w,1800)?'l':'xl'))})(document.currentScript?.parentElement)<\/script><\/div><\/div>\n\t\t\t\t\t\t<\/div>\n\t\t\t\t<\/div>\n\t\t\t\t\t<\/div>\n\t\t\t\t<\/div>\n\t\t\t\t<\/div>\n\t\t","protected":false},"excerpt":{"rendered":"<p>Reviews ofour guests Testimonials from those who have already enjoyed a comfortable stay in our carefully selected apartments in Marina di Ravenna.<\/p>\n","protected":false},"author":1,"featured_media":0,"parent":0,"menu_order":0,"comment_status":"closed","ping_status":"closed","template":"elementor_header_footer","meta":{"_acf_changed":false,"footnotes":""},"class_list":["post-3271","page","type-page","status-publish","hentry"],"acf":[],"yoast_head":"<!-- This site is optimized with the Yoast SEO plugin v27.3 - https:\/\/yoast.com\/product\/yoast-seo-wordpress\/ -->\n<title>Reviews - Ravenna Holidays<\/title>\n<meta name=\"robots\" content=\"index, follow, max-snippet:-1, max-image-preview:large, max-video-preview:-1\" \/>\n<link rel=\"canonical\" href=\"https:\/\/ravennaholidays.com\/en\/reviews\/\" \/>\n<meta property=\"og:locale\" content=\"en_US\" \/>\n<meta property=\"og:type\" content=\"article\" \/>\n<meta property=\"og:title\" content=\"Reviews - Ravenna Holidays\" \/>\n<meta property=\"og:description\" content=\"Reviews ofour guests Testimonials from those who have already enjoyed a comfortable stay in our carefully selected apartments in Marina di Ravenna.\" \/>\n<meta property=\"og:url\" content=\"https:\/\/ravennaholidays.com\/en\/reviews\/\" \/>\n<meta property=\"og:site_name\" content=\"Ravenna Holidays\" \/>\n<meta property=\"article:modified_time\" content=\"2024-09-11T21:59:14+00:00\" \/>\n<meta name=\"twitter:card\" content=\"summary_large_image\" \/>\n<script type=\"application\/ld+json\" class=\"yoast-schema-graph\">{\"@context\":\"https:\\\/\\\/schema.org\",\"@graph\":[{\"@type\":\"WebPage\",\"@id\":\"https:\\\/\\\/ravennaholidays.com\\\/en\\\/reviews\\\/\",\"url\":\"https:\\\/\\\/ravennaholidays.com\\\/en\\\/reviews\\\/\",\"name\":\"Reviews - Ravenna Holidays\",\"isPartOf\":{\"@id\":\"https:\\\/\\\/ravennaholidays.com\\\/#website\"},\"datePublished\":\"2024-07-27T13:57:03+00:00\",\"dateModified\":\"2024-09-11T21:59:14+00:00\",\"breadcrumb\":{\"@id\":\"https:\\\/\\\/ravennaholidays.com\\\/en\\\/reviews\\\/#breadcrumb\"},\"inLanguage\":\"en-US\",\"potentialAction\":[{\"@type\":\"ReadAction\",\"target\":[\"https:\\\/\\\/ravennaholidays.com\\\/en\\\/reviews\\\/\"]}]},{\"@type\":\"BreadcrumbList\",\"@id\":\"https:\\\/\\\/ravennaholidays.com\\\/en\\\/reviews\\\/#breadcrumb\",\"itemListElement\":[{\"@type\":\"ListItem\",\"position\":1,\"name\":\"Home\",\"item\":\"https:\\\/\\\/ravennaholidays.com\\\/en\\\/home\\\/\"},{\"@type\":\"ListItem\",\"position\":2,\"name\":\"Reviews\"}]},{\"@type\":\"WebSite\",\"@id\":\"https:\\\/\\\/ravennaholidays.com\\\/#website\",\"url\":\"https:\\\/\\\/ravennaholidays.com\\\/\",\"name\":\"Ravenna Holidays\",\"description\":\"\",\"publisher\":{\"@id\":\"https:\\\/\\\/ravennaholidays.com\\\/#organization\"},\"potentialAction\":[{\"@type\":\"SearchAction\",\"target\":{\"@type\":\"EntryPoint\",\"urlTemplate\":\"https:\\\/\\\/ravennaholidays.com\\\/?s={search_term_string}\"},\"query-input\":{\"@type\":\"PropertyValueSpecification\",\"valueRequired\":true,\"valueName\":\"search_term_string\"}}],\"inLanguage\":\"en-US\"},{\"@type\":\"Organization\",\"@id\":\"https:\\\/\\\/ravennaholidays.com\\\/#organization\",\"name\":\"Ravenna Holidays\",\"url\":\"https:\\\/\\\/ravennaholidays.com\\\/\",\"logo\":{\"@type\":\"ImageObject\",\"inLanguage\":\"en-US\",\"@id\":\"https:\\\/\\\/ravennaholidays.com\\\/#\\\/schema\\\/logo\\\/image\\\/\",\"url\":\"https:\\\/\\\/ravennaholidays.com\\\/wp-content\\\/uploads\\\/2024\\\/07\\\/Ravenna-Holidays-Logo.svg\",\"contentUrl\":\"https:\\\/\\\/ravennaholidays.com\\\/wp-content\\\/uploads\\\/2024\\\/07\\\/Ravenna-Holidays-Logo.svg\",\"width\":254,\"height\":71,\"caption\":\"Ravenna Holidays\"},\"image\":{\"@id\":\"https:\\\/\\\/ravennaholidays.com\\\/#\\\/schema\\\/logo\\\/image\\\/\"}}]}<\/script>\n<!-- \/ Yoast SEO plugin. -->","yoast_head_json":{"title":"Reviews - Ravenna Holidays","robots":{"index":"index","follow":"follow","max-snippet":"max-snippet:-1","max-image-preview":"max-image-preview:large","max-video-preview":"max-video-preview:-1"},"canonical":"https:\/\/ravennaholidays.com\/en\/reviews\/","og_locale":"en_US","og_type":"article","og_title":"Reviews - Ravenna Holidays","og_description":"Reviews ofour guests Testimonials from those who have already enjoyed a comfortable stay in our carefully selected apartments in Marina di Ravenna.","og_url":"https:\/\/ravennaholidays.com\/en\/reviews\/","og_site_name":"Ravenna Holidays","article_modified_time":"2024-09-11T21:59:14+00:00","twitter_card":"summary_large_image","schema":{"@context":"https:\/\/schema.org","@graph":[{"@type":"WebPage","@id":"https:\/\/ravennaholidays.com\/en\/reviews\/","url":"https:\/\/ravennaholidays.com\/en\/reviews\/","name":"Reviews - Ravenna Holidays","isPartOf":{"@id":"https:\/\/ravennaholidays.com\/#website"},"datePublished":"2024-07-27T13:57:03+00:00","dateModified":"2024-09-11T21:59:14+00:00","breadcrumb":{"@id":"https:\/\/ravennaholidays.com\/en\/reviews\/#breadcrumb"},"inLanguage":"en-US","potentialAction":[{"@type":"ReadAction","target":["https:\/\/ravennaholidays.com\/en\/reviews\/"]}]},{"@type":"BreadcrumbList","@id":"https:\/\/ravennaholidays.com\/en\/reviews\/#breadcrumb","itemListElement":[{"@type":"ListItem","position":1,"name":"Home","item":"https:\/\/ravennaholidays.com\/en\/home\/"},{"@type":"ListItem","position":2,"name":"Reviews"}]},{"@type":"WebSite","@id":"https:\/\/ravennaholidays.com\/#website","url":"https:\/\/ravennaholidays.com\/","name":"Ravenna Holidays","description":"","publisher":{"@id":"https:\/\/ravennaholidays.com\/#organization"},"potentialAction":[{"@type":"SearchAction","target":{"@type":"EntryPoint","urlTemplate":"https:\/\/ravennaholidays.com\/?s={search_term_string}"},"query-input":{"@type":"PropertyValueSpecification","valueRequired":true,"valueName":"search_term_string"}}],"inLanguage":"en-US"},{"@type":"Organization","@id":"https:\/\/ravennaholidays.com\/#organization","name":"Ravenna Holidays","url":"https:\/\/ravennaholidays.com\/","logo":{"@type":"ImageObject","inLanguage":"en-US","@id":"https:\/\/ravennaholidays.com\/#\/schema\/logo\/image\/","url":"https:\/\/ravennaholidays.com\/wp-content\/uploads\/2024\/07\/Ravenna-Holidays-Logo.svg","contentUrl":"https:\/\/ravennaholidays.com\/wp-content\/uploads\/2024\/07\/Ravenna-Holidays-Logo.svg","width":254,"height":71,"caption":"Ravenna Holidays"},"image":{"@id":"https:\/\/ravennaholidays.com\/#\/schema\/logo\/image\/"}}]}},"_links":{"self":[{"href":"https:\/\/ravennaholidays.com\/en\/wp-json\/wp\/v2\/pages\/3271","targetHints":{"allow":["GET"]}}],"collection":[{"href":"https:\/\/ravennaholidays.com\/en\/wp-json\/wp\/v2\/pages"}],"about":[{"href":"https:\/\/ravennaholidays.com\/en\/wp-json\/wp\/v2\/types\/page"}],"author":[{"embeddable":true,"href":"https:\/\/ravennaholidays.com\/en\/wp-json\/wp\/v2\/users\/1"}],"replies":[{"embeddable":true,"href":"https:\/\/ravennaholidays.com\/en\/wp-json\/wp\/v2\/comments?post=3271"}],"version-history":[{"count":1,"href":"https:\/\/ravennaholidays.com\/en\/wp-json\/wp\/v2\/pages\/3271\/revisions"}],"predecessor-version":[{"id":3272,"href":"https:\/\/ravennaholidays.com\/en\/wp-json\/wp\/v2\/pages\/3271\/revisions\/3272"}],"wp:attachment":[{"href":"https:\/\/ravennaholidays.com\/en\/wp-json\/wp\/v2\/media?parent=3271"}],"curies":[{"name":"wp","href":"https:\/\/api.w.org\/{rel}","templated":true}]}}